{"id":2597,"date":"2023-03-23T12:41:49","date_gmt":"2023-03-23T12:41:49","guid":{"rendered":"https:\/\/greenteam.ufec.cat\/the-project\/"},"modified":"2023-05-03T09:12:06","modified_gmt":"2023-05-03T09:12:06","slug":"the-project","status":"publish","type":"page","link":"https:\/\/greenteam.ufec.cat\/ca\/the-project\/","title":{"rendered":"El projecte"},"content":{"rendered":"\t\t<div data-elementor-type=\"wp-page\" data-elementor-id=\"2597\" class=\"elementor elementor-2597 elementor-168\">\n\t\t\t\t\t\t\t\t\t<section class=\"elementor-section elementor-top-section elementor-element elementor-element-2225625 elementor-section-height-min-height elementor-section-full_width elementor-section-items-top elementor-section-height-default\" data-id=\"2225625\" data-element_type=\"section\" data-settings=\"{&quot;background_background&quot;:&quot;classic&quot;}\">\n\t\t\t\t\t\t\t<div class=\"elementor-background-overlay\"><\/div>\n\t\t\t\t\t\t\t<div class=\"elementor-container elementor-column-gap-default\">\n\t\t\t\t\t<div class=\"elementor-column elementor-col-100 elementor-top-column elementor-element elementor-element-e8027c3\" data-id=\"e8027c3\" data-element_type=\"column\" data-settings=\"{&quot;background_background&quot;:&quot;classic&quot;}\">\n\t\t\t<div class=\"elementor-widget-wrap elementor-element-populated\">\n\t\t\t\t\t\t\t\t<div class=\"elementor-element elementor-element-7dfe4b3 elementor-widget elementor-widget-heading\" data-id=\"7dfe4b3\" data-element_type=\"widget\" data-widget_type=\"heading.default\">\n\t\t\t\t<div class=\"elementor-widget-container\">\n\t\t\t<style>\/*! elementor - v3.11.5 - 14-03-2023 *\/\n.elementor-heading-title{padding:0;margin:0;line-height:1}.elementor-widget-heading .elementor-heading-title[class*=elementor-size-]>a{color:inherit;font-size:inherit;line-height:inherit}.elementor-widget-heading .elementor-heading-title.elementor-size-small{font-size:15px}.elementor-widget-heading .elementor-heading-title.elementor-size-medium{font-size:19px}.elementor-widget-heading .elementor-heading-title.elementor-size-large{font-size:29px}.elementor-widget-heading .elementor-heading-title.elementor-size-xl{font-size:39px}.elementor-widget-heading .elementor-heading-title.elementor-size-xxl{font-size:59px}<\/style><h3 class=\"elementor-heading-title elementor-size-default\">EL PROJECTE<\/h3>\t\t<\/div>\n\t\t\t\t<\/div>\n\t\t\t\t<section class=\"elementor-section elementor-inner-section elementor-element elementor-element-e9fddf6 elementor-section-full_width elementor-section-height-default elementor-section-height-default\" data-id=\"e9fddf6\" data-element_type=\"section\" data-settings=\"{&quot;background_background&quot;:&quot;classic&quot;}\">\n\t\t\t\t\t\t<div class=\"elementor-container elementor-column-gap-default\">\n\t\t\t\t\t<div class=\"elementor-column elementor-col-50 elementor-inner-column elementor-element elementor-element-e52772e\" data-id=\"e52772e\" data-element_type=\"column\">\n\t\t\t<div class=\"elementor-widget-wrap\">\n\t\t\t\t\t\t\t\t\t<\/div>\n\t\t<\/div>\n\t\t\t\t<div class=\"elementor-column elementor-col-50 elementor-inner-column elementor-element elementor-element-39a4fc2\" data-id=\"39a4fc2\" data-element_type=\"column\" data-settings=\"{&quot;background_background&quot;:&quot;classic&quot;}\">\n\t\t\t<div class=\"elementor-widget-wrap elementor-element-populated\">\n\t\t\t\t\t\t\t\t<div class=\"elementor-element elementor-element-3498840 elementor-widget elementor-widget-text-editor\" data-id=\"3498840\" data-element_type=\"widget\" data-widget_type=\"text-editor.default\">\n\t\t\t\t<div class=\"elementor-widget-container\">\n\t\t\t<style>\/*! elementor - v3.11.5 - 14-03-2023 *\/\n.elementor-widget-text-editor.elementor-drop-cap-view-stacked .elementor-drop-cap{background-color:#818a91;color:#fff}.elementor-widget-text-editor.elementor-drop-cap-view-framed .elementor-drop-cap{color:#818a91;border:3px solid;background-color:transparent}.elementor-widget-text-editor:not(.elementor-drop-cap-view-default) .elementor-drop-cap{margin-top:8px}.elementor-widget-text-editor:not(.elementor-drop-cap-view-default) .elementor-drop-cap-letter{width:1em;height:1em}.elementor-widget-text-editor .elementor-drop-cap{float:left;text-align:center;line-height:1;font-size:50px}.elementor-widget-text-editor .elementor-drop-cap-letter{display:inline-block}<\/style>\t\t\t\t<p>Tot i que l&#8217;associaci\u00f3 entre la protecci\u00f3 del medi ambient i els esdeveniments esportius no \u00e9s un tema nou (el canvi clim\u00e0tic es va esmentar per primera vegada a l&#8217;informe oficial final dels Jocs Ol\u00edmpics d&#8217;hivern de Nagano el 1998), recentment s&#8217;ha convertit en un tema crucial per a la majoria de les organitzacions esportives. Algunes d&#8217;elles fins i tot han posat la sostenibilitat al capdavant de la seva agenda, com ara Par\u00eds 2024 i el seu ambici\u00f3s objectiu: convertir-se en &#8220;els Jocs Ol\u00edmpics m\u00e9s sostenibles de la hist\u00f2ria&#8221;.<\/p><p>De fet, l&#8217;experi\u00e8ncia ens ha demostrat com les activitats esportives i els esdeveniments esportius poden tenir impactes al territori. En casos extrems, que \u00e9s for\u00e7a habitual, la pressi\u00f3 humana exercida en determinats entorns pot tenir un efecte ambiental negatiu.<\/p>\t\t\t\t\t\t<\/div>\n\t\t\t\t<\/div>\n\t\t\t\t\t<\/div>\n\t\t<\/div>\n\t\t\t\t\t\t\t<\/div>\n\t\t<\/section>\n\t\t\t\t\t<\/div>\n\t\t<\/div>\n\t\t\t\t\t\t\t<\/div>\n\t\t<\/section>\n\t\t\t\t<section class=\"elementor-section elementor-top-section elementor-element elementor-element-cdc92bf elementor-section-height-min-height elementor-section-full_width elementor-section-content-middle elementor-reverse-tablet elementor-reverse-mobile elementor-section-height-default elementor-section-items-middle\" data-id=\"cdc92bf\" data-element_type=\"section\" data-settings=\"{&quot;background_background&quot;:&quot;classic&quot;}\">\n\t\t\t\t\t\t<div class=\"elementor-container elementor-column-gap-no\">\n\t\t\t\t\t<div class=\"elementor-column elementor-col-100 elementor-top-column elementor-element elementor-element-9d7d3eb\" data-id=\"9d7d3eb\" data-element_type=\"column\">\n\t\t\t<div class=\"elementor-widget-wrap elementor-element-populated\">\n\t\t\t\t\t\t\t\t<div class=\"elementor-element elementor-element-01bdd21 elementor-widget elementor-widget-heading\" data-id=\"01bdd21\" data-element_type=\"widget\" data-widget_type=\"heading.default\">\n\t\t\t\t<div class=\"elementor-widget-container\">\n\t\t\t<h3 class=\"elementor-heading-title elementor-size-default\">LA IDEA<\/h3>\t\t<\/div>\n\t\t\t\t<\/div>\n\t\t\t\t<section class=\"elementor-section elementor-inner-section elementor-element elementor-element-355c04c elementor-section-full_width elementor-section-height-default elementor-section-height-default\" data-id=\"355c04c\" data-element_type=\"section\" data-settings=\"{&quot;background_background&quot;:&quot;classic&quot;}\">\n\t\t\t\t\t\t\t<div class=\"elementor-background-overlay\"><\/div>\n\t\t\t\t\t\t\t<div class=\"elementor-container elementor-column-gap-default\">\n\t\t\t\t\t<div class=\"elementor-column elementor-col-50 elementor-inner-column elementor-element elementor-element-f5deb8b\" data-id=\"f5deb8b\" data-element_type=\"column\">\n\t\t\t<div class=\"elementor-widget-wrap elementor-element-populated\">\n\t\t\t\t\t\t\t\t<div class=\"elementor-element elementor-element-55de5e1 boldFontRed elementor-widget elementor-widget-heading\" data-id=\"55de5e1\" data-element_type=\"widget\" data-widget_type=\"heading.default\">\n\t\t\t\t<div class=\"elementor-widget-container\">\n\t\t\t<h4 class=\"elementor-heading-title elementor-size-default\">DESCRIPCI\u00d3 GENERAL<\/h4>\t\t<\/div>\n\t\t\t\t<\/div>\n\t\t\t\t<div class=\"elementor-element elementor-element-c62396f elementor-widget elementor-widget-text-editor\" data-id=\"c62396f\" data-element_type=\"widget\" data-widget_type=\"text-editor.default\">\n\t\t\t\t<div class=\"elementor-widget-container\">\n\t\t\t\t\t\t\t<p>GREEN TEAM pret\u00e9n donar suport als organitzadors d&#8217;esdeveniments esportius, com federacions, confederacions i administracions, en l&#8217;organitzaci\u00f3 d&#8217;esdeveniments esportius sostenibles i respectuosos amb el medi ambient fent que la pr\u00e0ctica esportiva sigui m\u00e9s &#8220;verda&#8221; i implementant un m\u00e8tode organitzatiu respectu\u00f3s amb el medi ambient.<\/p><p>Per tal que aquests esdeveniments siguin el m\u00e9s inclusius possible, els actes del projecte GREEN TEAM fomentaran el voluntariat entre les poblacions marginades, especialment els joves en risc d&#8217;exclusi\u00f3.<\/p>\t\t\t\t\t\t<\/div>\n\t\t\t\t<\/div>\n\t\t\t\t<div class=\"elementor-element elementor-element-36d5817 boldFontRed elementor-widget elementor-widget-heading\" data-id=\"36d5817\" data-element_type=\"widget\" data-widget_type=\"heading.default\">\n\t\t\t\t<div class=\"elementor-widget-container\">\n\t\t\t<h4 class=\"elementor-heading-title elementor-size-default\">OBJECTIUS<\/h4>\t\t<\/div>\n\t\t\t\t<\/div>\n\t\t\t\t<div class=\"elementor-element elementor-element-415d765 elementor-widget elementor-widget-text-editor\" data-id=\"415d765\" data-element_type=\"widget\" data-widget_type=\"text-editor.default\">\n\t\t\t\t<div class=\"elementor-widget-container\">\n\t\t\t\t\t\t\t<p>GREEN TEAM pret\u00e9n crear una metodologia que promogui esdeveniments esportius m\u00e9s ecol\u00f2gics i inclusius treballant amb confederacions i federacions d&#8217;arreu d&#8217;Europa.<\/p>\t\t\t\t\t\t<\/div>\n\t\t\t\t<\/div>\n\t\t\t\t\t<\/div>\n\t\t<\/div>\n\t\t\t\t<div class=\"elementor-column elementor-col-50 elementor-inner-column elementor-element elementor-element-5fd6e73\" data-id=\"5fd6e73\" data-element_type=\"column\">\n\t\t\t<div class=\"elementor-widget-wrap\">\n\t\t\t\t\t\t\t\t\t<\/div>\n\t\t<\/div>\n\t\t\t\t\t\t\t<\/div>\n\t\t<\/section>\n\t\t\t\t<section class=\"elementor-section elementor-inner-section elementor-element elementor-element-66469a7 elementor-section-full_width elementor-section-height-default elementor-section-height-default\" data-id=\"66469a7\" data-element_type=\"section\">\n\t\t\t\t\t\t\t<div class=\"elementor-background-overlay\"><\/div>\n\t\t\t\t\t\t\t<div class=\"elementor-container elementor-column-gap-default\">\n\t\t\t\t\t<div class=\"elementor-column elementor-col-50 elementor-inner-column elementor-element elementor-element-be16e61\" data-id=\"be16e61\" data-element_type=\"column\">\n\t\t\t<div class=\"elementor-widget-wrap elementor-element-populated\">\n\t\t\t\t\t\t\t\t<div class=\"elementor-element elementor-element-5036ffb elementor-widget elementor-widget-image\" data-id=\"5036ffb\" data-element_type=\"widget\" data-widget_type=\"image.default\">\n\t\t\t\t<div class=\"elementor-widget-container\">\n\t\t\t<style>\/*! elementor - v3.11.5 - 14-03-2023 *\/\n.elementor-widget-image{text-align:center}.elementor-widget-image a{display:inline-block}.elementor-widget-image a img[src$=\".svg\"]{width:48px}.elementor-widget-image img{vertical-align:middle;display:inline-block}<\/style>\t\t\t\t\t\t\t\t\t\t\t\t<img loading=\"lazy\" decoding=\"async\" width=\"1244\" height=\"1214\" src=\"https:\/\/greenteam.ufec.cat\/wp-content\/uploads\/2023\/03\/green_runners.jpg\" class=\"attachment-2048x2048 size-2048x2048 wp-image-2578\" alt=\"\" srcset=\"https:\/\/greenteam.ufec.cat\/wp-content\/uploads\/2023\/03\/green_runners.jpg 1244w, https:\/\/greenteam.ufec.cat\/wp-content\/uploads\/2023\/03\/green_runners-300x293.jpg 300w, https:\/\/greenteam.ufec.cat\/wp-content\/uploads\/2023\/03\/green_runners-1024x999.jpg 1024w, https:\/\/greenteam.ufec.cat\/wp-content\/uploads\/2023\/03\/green_runners-768x749.jpg 768w\" sizes=\"auto, (max-width: 1244px) 100vw, 1244px\" \/>\t\t\t\t\t\t\t\t\t\t\t\t\t\t\t<\/div>\n\t\t\t\t<\/div>\n\t\t\t\t\t<\/div>\n\t\t<\/div>\n\t\t\t\t<div class=\"elementor-column elementor-col-50 elementor-inner-column elementor-element elementor-element-c7758ca\" data-id=\"c7758ca\" data-element_type=\"column\">\n\t\t\t<div class=\"elementor-widget-wrap elementor-element-populated\">\n\t\t\t\t\t\t\t\t<div class=\"elementor-element elementor-element-37705eb boldFontRed elementor-widget elementor-widget-heading\" data-id=\"37705eb\" data-element_type=\"widget\" data-widget_type=\"heading.default\">\n\t\t\t\t<div class=\"elementor-widget-container\">\n\t\t\t<h2 class=\"elementor-heading-title elementor-size-default\">METES<\/h2>\t\t<\/div>\n\t\t\t\t<\/div>\n\t\t\t\t<div class=\"elementor-element elementor-element-43c03b6 elementor-widget elementor-widget-text-editor\" data-id=\"43c03b6\" data-element_type=\"widget\" data-widget_type=\"text-editor.default\">\n\t\t\t\t<div class=\"elementor-widget-container\">\n\t\t\t\t\t\t\t<div class=\"boldFontGreen\"><p>1.- <strong>CREAR VINCLES ENTRE ELS DIFERENTS AGENTS DEL TERRITORI PER SENSIBILITZAR ELS ESPORTS<\/strong><\/p><\/div><p>1.1 Destacar la necessitat de crear vincles hegem\u00f2nics entre els diferents agents del territori per fomentar aquests esdeveniments i ser un sector m\u00e9s reeixit, l&#8217;administraci\u00f3 i la ciutadania de la import\u00e0ncia dels esdeveniments esportius sostenibles.<\/p><p>1.2. Promoure l&#8217;educaci\u00f3 ambiental i la necessitat de la poblaci\u00f3 de practicar esport.<\/p><p>1.3 Alinear els objectius del projecte amb els Objectius de Desenvolupament Sostenible de les Nacions Unides.<\/p><p>1.4 Fomentar la participaci\u00f3 i la const\u00e0ncia del voluntariat, \u00e9s a dir, la ciutadania activa.<\/p><div class=\"boldFontGreen\"><p><strong>2.- DISSENYAR I IMPLEMENTAR EL CONCEPTE DE SEGELL DE SOSTENIBILITAT (AMB L&#8217;APRENENTATGE DIGITAL) PER A CONFEDERACIONS I FEDERACIONS<\/strong><\/p><\/div><p>2.1 Promocionar l&#8217;aprenentatge digital en federacions esportives.<\/p><p>2.2 Animar les confederacions i federacions a ser m\u00e9s sostenibles per servir d&#8217;exemple per als seus clubs.<\/p><div class=\"boldFontGreen\"><strong>3.- CREAR UNA METODOLOGIA PER A ESDEVENIMENTS ESPORTIUS M\u00c9S ECOL\u00d2GICS I INCLUSUS<\/strong><\/div><div>\u00a0<\/div><div>3.1 Publicar materials en l\u00ednia f\u00e0cils d&#8217;utilitzar que arribin a diferents sectors per animar les organitzacions a promocionar aquest tipus d&#8217;esdeveniments.<\/div>\t\t\t\t\t\t<\/div>\n\t\t\t\t<\/div>\n\t\t\t\t\t<\/div>\n\t\t<\/div>\n\t\t\t\t\t\t\t<\/div>\n\t\t<\/section>\n\t\t\t\t\t<\/div>\n\t\t<\/div>\n\t\t\t\t\t\t\t<\/div>\n\t\t<\/section>\n\t\t\t\t<section class=\"elementor-section elementor-top-section elementor-element elementor-element-2e841e8 elementor-section-height-min-height elementor-section-full_width elementor-section-content-middle elementor-reverse-tablet elementor-reverse-mobile elementor-section-height-default elementor-section-items-middle\" data-id=\"2e841e8\" data-element_type=\"section\" data-settings=\"{&quot;background_background&quot;:&quot;classic&quot;}\">\n\t\t\t\t\t\t\t<div class=\"elementor-background-overlay\"><\/div>\n\t\t\t\t\t\t\t<div class=\"elementor-container elementor-column-gap-no\">\n\t\t\t\t\t<div class=\"elementor-column elementor-col-100 elementor-top-column elementor-element elementor-element-82fb90a\" data-id=\"82fb90a\" data-element_type=\"column\">\n\t\t\t<div class=\"elementor-widget-wrap elementor-element-populated\">\n\t\t\t\t\t\t\t\t<div class=\"elementor-element elementor-element-6afea98 elementor-widget elementor-widget-heading\" data-id=\"6afea98\" data-element_type=\"widget\" data-widget_type=\"heading.default\">\n\t\t\t\t<div class=\"elementor-widget-container\">\n\t\t\t<h3 class=\"elementor-heading-title elementor-size-default\">ACCIONS<\/h3>\t\t<\/div>\n\t\t\t\t<\/div>\n\t\t\t\t<section class=\"elementor-section elementor-inner-section elementor-element elementor-element-1dac35e elementor-section-boxed elementor-section-height-default elementor-section-height-default\" data-id=\"1dac35e\" data-element_type=\"section\">\n\t\t\t\t\t\t\t<div class=\"elementor-background-overlay\"><\/div>\n\t\t\t\t\t\t\t<div class=\"elementor-container elementor-column-gap-default\">\n\t\t\t\t\t<div class=\"elementor-column elementor-col-50 elementor-inner-column elementor-element elementor-element-70b6304\" data-id=\"70b6304\" data-element_type=\"column\">\n\t\t\t<div class=\"elementor-widget-wrap elementor-element-populated\">\n\t\t\t\t\t\t\t\t<div class=\"elementor-element elementor-element-ff6daea elementor-widget elementor-widget-heading\" data-id=\"ff6daea\" data-element_type=\"widget\" data-widget_type=\"heading.default\">\n\t\t\t\t<div class=\"elementor-widget-container\">\n\t\t\t<h4 class=\"elementor-heading-title elementor-size-default\">REVISI\u00d3 LITER\u00c0RIA I MAPEIG<\/h4>\t\t<\/div>\n\t\t\t\t<\/div>\n\t\t\t\t<div class=\"elementor-element elementor-element-16887a6 elementor-widget elementor-widget-heading\" data-id=\"16887a6\" data-element_type=\"widget\" data-widget_type=\"heading.default\">\n\t\t\t\t<div class=\"elementor-widget-container\">\n\t\t\t<h4 class=\"elementor-heading-title elementor-size-default\">CREACI\u00d3 D'UNA EINA D'APRENENTATGE EN L\u00cdNEA<\/h4>\t\t<\/div>\n\t\t\t\t<\/div>\n\t\t\t\t\t<\/div>\n\t\t<\/div>\n\t\t\t\t<div class=\"elementor-column elementor-col-50 elementor-inner-column elementor-element elementor-element-c04066e\" data-id=\"c04066e\" data-element_type=\"column\">\n\t\t\t<div class=\"elementor-widget-wrap elementor-element-populated\">\n\t\t\t\t\t\t\t\t<div class=\"elementor-element elementor-element-b226cf1 elementor-widget elementor-widget-heading\" data-id=\"b226cf1\" data-element_type=\"widget\" data-widget_type=\"heading.default\">\n\t\t\t\t<div class=\"elementor-widget-container\">\n\t\t\t<h4 class=\"elementor-heading-title elementor-size-default\">ORGANITZACI\u00d3 D'ESDEVENIMENTS ESPORTIUS SOSTENIBLES I INCLUSIUS<\/h4>\t\t<\/div>\n\t\t\t\t<\/div>\n\t\t\t\t<div class=\"elementor-element elementor-element-3ad5526 elementor-widget elementor-widget-heading\" data-id=\"3ad5526\" data-element_type=\"widget\" data-widget_type=\"heading.default\">\n\t\t\t\t<div class=\"elementor-widget-container\">\n\t\t\t<h4 class=\"elementor-heading-title elementor-size-default\">DIFUSI\u00d3 I DISSEMINACI\u00d3<\/h4>\t\t<\/div>\n\t\t\t\t<\/div>\n\t\t\t\t\t<\/div>\n\t\t<\/div>\n\t\t\t\t\t\t\t<\/div>\n\t\t<\/section>\n\t\t\t\t\t<\/div>\n\t\t<\/div>\n\t\t\t\t\t\t\t<\/div>\n\t\t<\/section>\n\t\t\t\t\t\t\t<\/div>\n\t\t","protected":false},"excerpt":{"rendered":"<p>EL PROJECTE Tot i que l&#8217;associaci\u00f3 entre la protecci\u00f3 del medi ambient i els esdeveniments esportius no \u00e9s un tema nou (el canvi clim\u00e0tic es va esmentar per primera vegada a l&#8217;informe oficial final dels Jocs Ol\u00edmpics d&#8217;hivern de Nagano el 1998), recentment s&#8217;ha convertit en un tema crucial per a la majoria de les [&hellip;]<\/p>\n","protected":false},"author":2,"featured_media":0,"parent":0,"menu_order":0,"comment_status":"closed","ping_status":"closed","template":"elementor_header_footer","meta":{"footnotes":""},"class_list":["post-2597","page","type-page","status-publish","hentry"],"yoast_head":"<!-- This site is optimized with the Yoast SEO plugin v20.3 - https:\/\/yoast.com\/wordpress\/plugins\/seo\/ -->\n<title>El projecte - Green Team<\/title>\n<meta name=\"robots\" content=\"index, follow, max-snippet:-1, max-image-preview:large, max-video-preview:-1\" \/>\n<link rel=\"canonical\" href=\"https:\/\/greenteam.ufec.cat\/ca\/the-project\/\" \/>\n<meta property=\"og:locale\" content=\"ca_ES\" \/>\n<meta property=\"og:type\" content=\"article\" \/>\n<meta property=\"og:title\" content=\"El projecte - Green Team\" \/>\n<meta property=\"og:description\" content=\"EL PROJECTE Tot i que l&#8217;associaci\u00f3 entre la protecci\u00f3 del medi ambient i els esdeveniments esportius no \u00e9s un tema nou (el canvi clim\u00e0tic es va esmentar per primera vegada a l&#8217;informe oficial final dels Jocs Ol\u00edmpics d&#8217;hivern de Nagano el 1998), recentment s&#8217;ha convertit en un tema crucial per a la majoria de les [&hellip;]\" \/>\n<meta property=\"og:url\" content=\"https:\/\/greenteam.ufec.cat\/ca\/the-project\/\" \/>\n<meta property=\"og:site_name\" content=\"Green Team\" \/>\n<meta property=\"article:modified_time\" content=\"2023-05-03T09:12:06+00:00\" \/>\n<meta property=\"og:image\" content=\"https:\/\/greenteam.ufec.cat\/wp-content\/uploads\/2023\/03\/green_runners.jpg\" \/>\n<meta name=\"twitter:card\" content=\"summary_large_image\" \/>\n<meta name=\"twitter:label1\" content=\"Temps estimat de lectura\" \/>\n\t<meta name=\"twitter:data1\" content=\"3 minuts\" \/>\n<script type=\"application\/ld+json\" class=\"yoast-schema-graph\">{\"@context\":\"https:\/\/schema.org\",\"@graph\":[{\"@type\":\"WebPage\",\"@id\":\"https:\/\/greenteam.ufec.cat\/ca\/the-project\/\",\"url\":\"https:\/\/greenteam.ufec.cat\/ca\/the-project\/\",\"name\":\"El projecte - Green Team\",\"isPartOf\":{\"@id\":\"https:\/\/greenteam.ufec.cat\/ca\/#website\"},\"datePublished\":\"2023-03-23T12:41:49+00:00\",\"dateModified\":\"2023-05-03T09:12:06+00:00\",\"breadcrumb\":{\"@id\":\"https:\/\/greenteam.ufec.cat\/ca\/the-project\/#breadcrumb\"},\"inLanguage\":\"ca\",\"potentialAction\":[{\"@type\":\"ReadAction\",\"target\":[\"https:\/\/greenteam.ufec.cat\/ca\/the-project\/\"]}]},{\"@type\":\"BreadcrumbList\",\"@id\":\"https:\/\/greenteam.ufec.cat\/ca\/the-project\/#breadcrumb\",\"itemListElement\":[{\"@type\":\"ListItem\",\"position\":1,\"name\":\"Portada\",\"item\":\"https:\/\/greenteam.ufec.cat\/ca\/\"},{\"@type\":\"ListItem\",\"position\":2,\"name\":\"El projecte\"}]},{\"@type\":\"WebSite\",\"@id\":\"https:\/\/greenteam.ufec.cat\/ca\/#website\",\"url\":\"https:\/\/greenteam.ufec.cat\/ca\/\",\"name\":\"Green Team\",\"description\":\"Fostering sustainable, eco friendly and inclusive sporting events\",\"publisher\":{\"@id\":\"https:\/\/greenteam.ufec.cat\/ca\/#organization\"},\"potentialAction\":[{\"@type\":\"SearchAction\",\"target\":{\"@type\":\"EntryPoint\",\"urlTemplate\":\"https:\/\/greenteam.ufec.cat\/ca\/?s={search_term_string}\"},\"query-input\":\"required name=search_term_string\"}],\"inLanguage\":\"ca\"},{\"@type\":\"Organization\",\"@id\":\"https:\/\/greenteam.ufec.cat\/ca\/#organization\",\"name\":\"Green Team\",\"url\":\"https:\/\/greenteam.ufec.cat\/ca\/\",\"logo\":{\"@type\":\"ImageObject\",\"inLanguage\":\"ca\",\"@id\":\"https:\/\/greenteam.ufec.cat\/ca\/#\/schema\/logo\/image\/\",\"url\":\"https:\/\/greenteam.ufec.cat\/wp-content\/uploads\/2022\/08\/LOGO-GREEN-TEAM.svg\",\"contentUrl\":\"https:\/\/greenteam.ufec.cat\/wp-content\/uploads\/2022\/08\/LOGO-GREEN-TEAM.svg\",\"width\":1920,\"height\":600,\"caption\":\"Green Team\"},\"image\":{\"@id\":\"https:\/\/greenteam.ufec.cat\/ca\/#\/schema\/logo\/image\/\"}}]}<\/script>\n<!-- \/ Yoast SEO plugin. -->","yoast_head_json":{"title":"El projecte - Green Team","robots":{"index":"index","follow":"follow","max-snippet":"max-snippet:-1","max-image-preview":"max-image-preview:large","max-video-preview":"max-video-preview:-1"},"canonical":"https:\/\/greenteam.ufec.cat\/ca\/the-project\/","og_locale":"ca_ES","og_type":"article","og_title":"El projecte - Green Team","og_description":"EL PROJECTE Tot i que l&#8217;associaci\u00f3 entre la protecci\u00f3 del medi ambient i els esdeveniments esportius no \u00e9s un tema nou (el canvi clim\u00e0tic es va esmentar per primera vegada a l&#8217;informe oficial final dels Jocs Ol\u00edmpics d&#8217;hivern de Nagano el 1998), recentment s&#8217;ha convertit en un tema crucial per a la majoria de les [&hellip;]","og_url":"https:\/\/greenteam.ufec.cat\/ca\/the-project\/","og_site_name":"Green Team","article_modified_time":"2023-05-03T09:12:06+00:00","og_image":[{"url":"https:\/\/greenteam.ufec.cat\/wp-content\/uploads\/2023\/03\/green_runners.jpg"}],"twitter_card":"summary_large_image","twitter_misc":{"Temps estimat de lectura":"3 minuts"},"schema":{"@context":"https:\/\/schema.org","@graph":[{"@type":"WebPage","@id":"https:\/\/greenteam.ufec.cat\/ca\/the-project\/","url":"https:\/\/greenteam.ufec.cat\/ca\/the-project\/","name":"El projecte - Green Team","isPartOf":{"@id":"https:\/\/greenteam.ufec.cat\/ca\/#website"},"datePublished":"2023-03-23T12:41:49+00:00","dateModified":"2023-05-03T09:12:06+00:00","breadcrumb":{"@id":"https:\/\/greenteam.ufec.cat\/ca\/the-project\/#breadcrumb"},"inLanguage":"ca","potentialAction":[{"@type":"ReadAction","target":["https:\/\/greenteam.ufec.cat\/ca\/the-project\/"]}]},{"@type":"BreadcrumbList","@id":"https:\/\/greenteam.ufec.cat\/ca\/the-project\/#breadcrumb","itemListElement":[{"@type":"ListItem","position":1,"name":"Portada","item":"https:\/\/greenteam.ufec.cat\/ca\/"},{"@type":"ListItem","position":2,"name":"El projecte"}]},{"@type":"WebSite","@id":"https:\/\/greenteam.ufec.cat\/ca\/#website","url":"https:\/\/greenteam.ufec.cat\/ca\/","name":"Green Team","description":"Fostering sustainable, eco friendly and inclusive sporting events","publisher":{"@id":"https:\/\/greenteam.ufec.cat\/ca\/#organization"},"potentialAction":[{"@type":"SearchAction","target":{"@type":"EntryPoint","urlTemplate":"https:\/\/greenteam.ufec.cat\/ca\/?s={search_term_string}"},"query-input":"required name=search_term_string"}],"inLanguage":"ca"},{"@type":"Organization","@id":"https:\/\/greenteam.ufec.cat\/ca\/#organization","name":"Green Team","url":"https:\/\/greenteam.ufec.cat\/ca\/","logo":{"@type":"ImageObject","inLanguage":"ca","@id":"https:\/\/greenteam.ufec.cat\/ca\/#\/schema\/logo\/image\/","url":"https:\/\/greenteam.ufec.cat\/wp-content\/uploads\/2022\/08\/LOGO-GREEN-TEAM.svg","contentUrl":"https:\/\/greenteam.ufec.cat\/wp-content\/uploads\/2022\/08\/LOGO-GREEN-TEAM.svg","width":1920,"height":600,"caption":"Green Team"},"image":{"@id":"https:\/\/greenteam.ufec.cat\/ca\/#\/schema\/logo\/image\/"}}]}},"_links":{"self":[{"href":"https:\/\/greenteam.ufec.cat\/ca\/wp-json\/wp\/v2\/pages\/2597","targetHints":{"allow":["GET"]}}],"collection":[{"href":"https:\/\/greenteam.ufec.cat\/ca\/wp-json\/wp\/v2\/pages"}],"about":[{"href":"https:\/\/greenteam.ufec.cat\/ca\/wp-json\/wp\/v2\/types\/page"}],"author":[{"embeddable":true,"href":"https:\/\/greenteam.ufec.cat\/ca\/wp-json\/wp\/v2\/users\/2"}],"replies":[{"embeddable":true,"href":"https:\/\/greenteam.ufec.cat\/ca\/wp-json\/wp\/v2\/comments?post=2597"}],"version-history":[{"count":25,"href":"https:\/\/greenteam.ufec.cat\/ca\/wp-json\/wp\/v2\/pages\/2597\/revisions"}],"predecessor-version":[{"id":2837,"href":"https:\/\/greenteam.ufec.cat\/ca\/wp-json\/wp\/v2\/pages\/2597\/revisions\/2837"}],"wp:attachment":[{"href":"https:\/\/greenteam.ufec.cat\/ca\/wp-json\/wp\/v2\/media?parent=2597"}],"curies":[{"name":"wp","href":"https:\/\/api.w.org\/{rel}","templated":true}]}}